{"id":1164,"date":"2022-09-30T10:24:42","date_gmt":"2022-09-30T08:24:42","guid":{"rendered":"https:\/\/www.ahoymarbella.com\/politica-de-privacidad\/"},"modified":"2025-06-13T10:28:14","modified_gmt":"2025-06-13T08:28:14","slug":"privacy-policy","status":"publish","type":"page","link":"https:\/\/www.ahoymarbella.com\/en\/privacy-policy\/","title":{"rendered":"Privacy Policy"},"content":{"rendered":"<section class=\"l-section wpb_row height_medium\"><div class=\"l-section-h i-cf\"><div class=\"g-cols vc_row via_flex valign_top type_default stacking_default\"><div class=\"vc_col-sm-12 wpb_column vc_column_container\"><div class=\"vc_column-inner\"><div class=\"wpb_wrapper\">[vc_custom_heading text=&#8221;Privacy Policy&#8221; font_container=&#8221;tag:h1|text_align:left&#8221; use_theme_fonts=&#8221;yes&#8221;]<div class=\"wpb_text_column\"><div class=\"wpb_wrapper\"><p><strong>Informaci\u00f3n sobre nuestra pol\u00edtica de protecci\u00f3n de datos y pol\u00edtica de privacidad:<\/strong><\/p>\n<p><strong>Adri\u00e1n Moreno D\u00edaz <\/strong>complies with the obligations imposed by Regulation (EU) 2016\/679 of the European Parliament and of the Council of 27 April 2016 on the protection of natural persons and Organic Law 3\/2018, of 5 December, on the Protection of Personal Data and guarantee of digital rights, with regard to the processing of personal data and other applicable legislation, as well as the regulations in force at all times that may be applicable, guaranteeing the observance of all the obligations and rights of those affected with regard to the processing of personal data. Likewise, in compliance with the provisions of Law 34\/2002, of July 11, 2002, on Information Society Services and Electronic Commerce, <strong>Adri\u00e1n Moreno D\u00edaz<\/strong> will request the user&#8217;s prior consent for sending commercial communications, in the event that they take place, also observing all the obligations and rights of users.<\/p>\n<p>By virtue of the above, users who wish to make use of the different services offered by <strong>Adri\u00e1n Moreno D\u00edaz<\/strong> will be informed of the information corresponding to the identification of the person responsible for the file, the purposes of the processing of their data, as well as the possibility of exercising their rights of access, rectification, cancellation and opposition before the person responsible for the file, all by reading and prior acceptance of the privacy policy of the entity, being duly informed.<\/p>\n<h2>1. Data Controller<\/h2>\n<p><strong>Adri\u00e1n Moreno D\u00edaz<\/strong><br \/>\nNIF: <span style=\"font-weight: 400;\">74873437L<\/span><br \/>\nPhone: <span style=\"font-weight: 400;\">658828376<\/span><br \/>\n<span style=\"font-weight: 400;\">Gregorio de Fr\u00edas, 8, 6D<\/span><br \/>\nEmail: info@ahoymarbella.com<\/p>\n<h2>2. Purpose of Data Processing<\/h2>\n<p>The main purpose of processing your personal data is to enable communication with you in order to respond to your contact request submitted through the designated form, or to manage the commercial relationship you may request. Your personal data will be retained and processed in our systems as long as the relationship with our organization is maintained.<\/p>\n<p>Additionally, if you have expressly authorized, your data will be processed in order to send you by any means, including electronic, commercial communications informing you about the different products and \/ or services offered by <strong>Adri\u00e1n Moreno D\u00edaz.<\/strong><\/p>\n<p>You may revoke the consents granted at your simple request by contacting <strong>Adri\u00e1n Moreno D\u00edaz<\/strong> at any of the addresses referenced in point 1 of this clause, in which the contact details of the entity are indicated.<\/p>\n<h2>3. Legal Basis for the Processing of Your Data<\/h2>\n<p>The processing of your data for the main purpose is legitimized on the basis of the contractual relationship established between the parties, and for the additional purpose in the consent given by you using the contact forms intended for this purpose by <strong>Adrian Moreno Diaz<\/strong>, for which you must have provided the required data in the required fields, that is, your identification and contact details, without which we can not manage your request.<\/p>\n<p>By providing us with your data, you declare that you are the owner of them, that they are truthful and fully updated. The data collected in the form are adequate, relevant and not excessive in relation to the purposes of its treatment, as indicated in point 2 of this clause. Likewise, <strong>Adrian Moreno Diaz <\/strong>will cancel or rectify the data when they are inaccurate, incomplete or no longer necessary or relevant for their purpose.<\/p>\n<p>By virtue of the above, the data will be retained and processed in our systems as long as the relationship lasts for the indicated purpose, or due to legitimate compelling reasons, or for the exercise or defense of possible claims. Once the retention obligation has ended, your data may be deleted from our database or, where appropriate, anonymized.<\/p>\n<p>The processing of data in order to send electronic newsletters about services, events and news related to our professional activity, is based on the legitimate interest of <strong>Adri\u00e1n Moreno D\u00edaz to<\/strong>carry out such treatments in accordance with current regulations. Your data will be kept as long as the commercial relationship exists, your interest and there is no revocation on your part.<\/p>\n<h2>4. Recipients of Your Data<\/h2>\n<p>There may be assignments between the entities owned by <strong>Adri\u00e1n Moreno D\u00edaz<\/strong> for the sake of legitimate corporate interest, in order to provide the requested services. No data will be transferred to other third parties, unless legally required. No international data transfers will take place, with the exception that <strong>Adri\u00e1n Moreno D\u00edaz <\/strong>may hire the services of suppliers located in third countries, prior compliance with all the requirements established by the data protection regulations and applying the necessary guarantees and safeguards to preserve the privacy of the data. For more information about the guarantees to privacy, you can contact our entity, at the addresses indicated in point 1.<\/p>\n<h2>5. Rights of the Data Subjects<\/h2>\n<p>After providing us with your personal data, we inform you of the rights that you may exercise before <strong>Adri\u00e1n Moreno D\u00edaz<\/strong> at the addresses made available to you in point 1 of this clause, and that you are entitled to:<\/p>\n<p>You have the right to access all personal data held by <strong>Adri\u00e1n Moreno D\u00edaz<\/strong>, as well as the right to request the modification or deletion of such data.<\/p>\n<p>You may request that we restrict the processing of your data, in which case we will only retain it for the exercise or defense of claims.<\/p>\n<p>You may object to the processing of your personal data, so the <strong>Adri\u00e1n Moreno D\u00edaz<\/strong> will stop processing your data except for compelling legitimate reasons, or the exercise or defense of possible claims.<\/p>\n<p>You may request the portability of your personal data, in which case we will send the personal data stored in our databases by email to the address you provide in your request, in a readable text format that can be adapted to the needs of any other data controller, or we will proceed to transmit it to the new data controller in the same format, to the email address you specify in your request.<\/p>\n<p>You have the right not to be subject to a decision based solely on automated data processing, including profiling.<\/p>\n<p>You may also withdraw or revoke any consent you have given explicitly by indicating so in your request.<\/p>\n<p>The rights of data subjects may be exercised directly by the interested party by providing a photocopy of their ID card or equivalent document to verify their identity, or through legal or voluntary representation. In the latter case, in addition to the photocopy of the interested party\u2019s ID card or equivalent document, the authentic document proving the third party\u2019s representation, along with their photocopy of ID card or equivalent document, must also be provided.<\/p>\n<h2>6. Complaints<\/h2>\n<p>If you believe that the processing of your personal data violates the regulations or the provisions of this clause, you may file a complaint with the Spanish Data Protection Agency, which is the competent supervisory authority for the protection of your personal data, through its electronic headquarters or postal address, which can be found on the website www.agpd.es.<\/p>\n<p>*** If you do not agree with the considerations detailed in this Privacy Policy, we kindly ask you not to use the Portal, as any use of it or of the services and content included therein will imply acceptance of the legal terms set forth in this text.<\/p>\n<p>The conditions and terms set forth in this Privacy Policy may change, so we encourage you to review these terms each time you visit the Portal. Likewise, this Privacy Policy shall be understood without prejudice to any other General and specific Terms and Conditions that govern access to specific content and services within the Portal.<\/p>\n<p>The user acknowledges and accepts the terms of use of the Portal and agrees to use it in accordance with them. Likewise, the user agrees to make proper use of the services and content of the Portal and not to use them for activities that constitute a crime or are unlawful.<\/p>\n<p><strong>Adri\u00e1n Moreno D\u00edaz<\/strong> may use cookies when users browse its websites and web pages. You can consult our <a href=\"https:\/\/www.ahoymarbella.com\/en\/cookie-policy\/\">Cookie Policy.<\/a><\/p>\n<\/div><\/div><\/div><\/div><\/div><\/div><\/div><\/section>\n","protected":false},"excerpt":{"rendered":"[vc_custom_heading text=\"Privacy Policy\" font_container=\"tag:h1|text_align:left\" use_theme_fonts=\"yes\"]Informaci\u00f3n sobre nuestra pol\u00edtica de protecci\u00f3n de datos y pol\u00edtica de privacidad: Adri\u00e1n Moreno D\u00edaz complies with the obligations imposed by Regulation (EU) 2016\/679 of the European Parliament and of the Council of 27 April 2016 on the protection of natural persons and Organic Law 3\/2018, of 5 December, on the...","protected":false},"author":1,"featured_media":0,"parent":0,"menu_order":15,"comment_status":"closed","ping_status":"open","template":"","meta":{"_acf_changed":false,"footnotes":""},"class_list":["post-1164","page","type-page","status-publish","hentry"],"acf":[],"yoast_head":"<!-- This site is optimized with the Yoast SEO plugin v27.4 - https:\/\/yoast.com\/product\/yoast-seo-wordpress\/ -->\n<title>Privacy Policy - Ahoy Marbella<\/title>\n<meta name=\"robots\" content=\"noindex, nofollow\" \/>\n<meta property=\"og:locale\" content=\"en_US\" \/>\n<meta property=\"og:type\" content=\"article\" \/>\n<meta property=\"og:title\" content=\"Privacy Policy - Ahoy Marbella\" \/>\n<meta property=\"og:url\" content=\"https:\/\/www.ahoymarbella.com\/en\/privacy-policy\/\" \/>\n<meta property=\"og:site_name\" content=\"Ahoy Marbella\" \/>\n<meta property=\"article:modified_time\" content=\"2025-06-13T08:28:14+00:00\" \/>\n<meta property=\"og:image\" content=\"https:\/\/www.ahoymarbella.com\/wp-content\/uploads\/2025\/03\/alquiler-de-barcos-scaled.webp\" \/>\n\t<meta property=\"og:image:width\" content=\"1920\" \/>\n\t<meta property=\"og:image:height\" content=\"1080\" \/>\n\t<meta property=\"og:image:type\" content=\"image\/webp\" \/>\n<meta name=\"twitter:card\" content=\"summary_large_image\" \/>\n<meta name=\"twitter:label1\" content=\"Est. reading time\" \/>\n\t<meta name=\"twitter:data1\" content=\"7 minutes\" \/>\n<script type=\"application\/ld+json\" class=\"yoast-schema-graph\">{\"@context\":\"https:\\\/\\\/schema.org\",\"@graph\":[{\"@type\":\"WebPage\",\"@id\":\"https:\\\/\\\/www.ahoymarbella.com\\\/en\\\/privacy-policy\\\/\",\"url\":\"https:\\\/\\\/www.ahoymarbella.com\\\/en\\\/privacy-policy\\\/\",\"name\":\"Privacy Policy - Ahoy Marbella\",\"isPartOf\":{\"@id\":\"https:\\\/\\\/www.ahoymarbella.com\\\/en\\\/#website\"},\"datePublished\":\"2022-09-30T08:24:42+00:00\",\"dateModified\":\"2025-06-13T08:28:14+00:00\",\"breadcrumb\":{\"@id\":\"https:\\\/\\\/www.ahoymarbella.com\\\/en\\\/privacy-policy\\\/#breadcrumb\"},\"inLanguage\":\"en-US\",\"potentialAction\":[{\"@type\":\"ReadAction\",\"target\":[\"https:\\\/\\\/www.ahoymarbella.com\\\/en\\\/privacy-policy\\\/\"]}]},{\"@type\":\"BreadcrumbList\",\"@id\":\"https:\\\/\\\/www.ahoymarbella.com\\\/en\\\/privacy-policy\\\/#breadcrumb\",\"itemListElement\":[{\"@type\":\"ListItem\",\"position\":1,\"name\":\"Portada\",\"item\":\"https:\\\/\\\/www.ahoymarbella.com\\\/en\\\/\"},{\"@type\":\"ListItem\",\"position\":2,\"name\":\"Privacy Policy\"}]},{\"@type\":\"WebSite\",\"@id\":\"https:\\\/\\\/www.ahoymarbella.com\\\/en\\\/#website\",\"url\":\"https:\\\/\\\/www.ahoymarbella.com\\\/en\\\/\",\"name\":\"Ahoy Marbella\",\"description\":\"Do what you love and do it often\",\"publisher\":{\"@id\":\"https:\\\/\\\/www.ahoymarbella.com\\\/en\\\/#organization\"},\"potentialAction\":[{\"@type\":\"SearchAction\",\"target\":{\"@type\":\"EntryPoint\",\"urlTemplate\":\"https:\\\/\\\/www.ahoymarbella.com\\\/en\\\/?s={search_term_string}\"},\"query-input\":{\"@type\":\"PropertyValueSpecification\",\"valueRequired\":true,\"valueName\":\"search_term_string\"}}],\"inLanguage\":\"en-US\"},{\"@type\":\"Organization\",\"@id\":\"https:\\\/\\\/www.ahoymarbella.com\\\/en\\\/#organization\",\"name\":\"Ahoy Marbella\",\"url\":\"https:\\\/\\\/www.ahoymarbella.com\\\/en\\\/\",\"logo\":{\"@type\":\"ImageObject\",\"inLanguage\":\"en-US\",\"@id\":\"https:\\\/\\\/www.ahoymarbella.com\\\/en\\\/#\\\/schema\\\/logo\\\/image\\\/\",\"url\":\"https:\\\/\\\/www.ahoymarbella.com\\\/wp-content\\\/uploads\\\/2022\\\/09\\\/logo-pie.webp\",\"contentUrl\":\"https:\\\/\\\/www.ahoymarbella.com\\\/wp-content\\\/uploads\\\/2022\\\/09\\\/logo-pie.webp\",\"width\":585,\"height\":274,\"caption\":\"Ahoy Marbella\"},\"image\":{\"@id\":\"https:\\\/\\\/www.ahoymarbella.com\\\/en\\\/#\\\/schema\\\/logo\\\/image\\\/\"},\"sameAs\":[\"https:\\\/\\\/www.instagram.com\\\/ahoymarbella\\\/\"]}]}<\/script>\n<!-- \/ Yoast SEO plugin. -->","yoast_head_json":{"title":"Privacy Policy - Ahoy Marbella","robots":{"index":"noindex","follow":"nofollow"},"og_locale":"en_US","og_type":"article","og_title":"Privacy Policy - Ahoy Marbella","og_url":"https:\/\/www.ahoymarbella.com\/en\/privacy-policy\/","og_site_name":"Ahoy Marbella","article_modified_time":"2025-06-13T08:28:14+00:00","og_image":[{"width":1920,"height":1080,"url":"https:\/\/www.ahoymarbella.com\/wp-content\/uploads\/2025\/03\/alquiler-de-barcos-scaled.webp","type":"image\/webp"}],"twitter_card":"summary_large_image","twitter_misc":{"Est. reading time":"7 minutes"},"schema":{"@context":"https:\/\/schema.org","@graph":[{"@type":"WebPage","@id":"https:\/\/www.ahoymarbella.com\/en\/privacy-policy\/","url":"https:\/\/www.ahoymarbella.com\/en\/privacy-policy\/","name":"Privacy Policy - Ahoy Marbella","isPartOf":{"@id":"https:\/\/www.ahoymarbella.com\/en\/#website"},"datePublished":"2022-09-30T08:24:42+00:00","dateModified":"2025-06-13T08:28:14+00:00","breadcrumb":{"@id":"https:\/\/www.ahoymarbella.com\/en\/privacy-policy\/#breadcrumb"},"inLanguage":"en-US","potentialAction":[{"@type":"ReadAction","target":["https:\/\/www.ahoymarbella.com\/en\/privacy-policy\/"]}]},{"@type":"BreadcrumbList","@id":"https:\/\/www.ahoymarbella.com\/en\/privacy-policy\/#breadcrumb","itemListElement":[{"@type":"ListItem","position":1,"name":"Portada","item":"https:\/\/www.ahoymarbella.com\/en\/"},{"@type":"ListItem","position":2,"name":"Privacy Policy"}]},{"@type":"WebSite","@id":"https:\/\/www.ahoymarbella.com\/en\/#website","url":"https:\/\/www.ahoymarbella.com\/en\/","name":"Ahoy Marbella","description":"Do what you love and do it often","publisher":{"@id":"https:\/\/www.ahoymarbella.com\/en\/#organization"},"potentialAction":[{"@type":"SearchAction","target":{"@type":"EntryPoint","urlTemplate":"https:\/\/www.ahoymarbella.com\/en\/?s={search_term_string}"},"query-input":{"@type":"PropertyValueSpecification","valueRequired":true,"valueName":"search_term_string"}}],"inLanguage":"en-US"},{"@type":"Organization","@id":"https:\/\/www.ahoymarbella.com\/en\/#organization","name":"Ahoy Marbella","url":"https:\/\/www.ahoymarbella.com\/en\/","logo":{"@type":"ImageObject","inLanguage":"en-US","@id":"https:\/\/www.ahoymarbella.com\/en\/#\/schema\/logo\/image\/","url":"https:\/\/www.ahoymarbella.com\/wp-content\/uploads\/2022\/09\/logo-pie.webp","contentUrl":"https:\/\/www.ahoymarbella.com\/wp-content\/uploads\/2022\/09\/logo-pie.webp","width":585,"height":274,"caption":"Ahoy Marbella"},"image":{"@id":"https:\/\/www.ahoymarbella.com\/en\/#\/schema\/logo\/image\/"},"sameAs":["https:\/\/www.instagram.com\/ahoymarbella\/"]}]}},"_links":{"self":[{"href":"https:\/\/www.ahoymarbella.com\/en\/wp-json\/wp\/v2\/pages\/1164","targetHints":{"allow":["GET"]}}],"collection":[{"href":"https:\/\/www.ahoymarbella.com\/en\/wp-json\/wp\/v2\/pages"}],"about":[{"href":"https:\/\/www.ahoymarbella.com\/en\/wp-json\/wp\/v2\/types\/page"}],"author":[{"embeddable":true,"href":"https:\/\/www.ahoymarbella.com\/en\/wp-json\/wp\/v2\/users\/1"}],"replies":[{"embeddable":true,"href":"https:\/\/www.ahoymarbella.com\/en\/wp-json\/wp\/v2\/comments?post=1164"}],"version-history":[{"count":7,"href":"https:\/\/www.ahoymarbella.com\/en\/wp-json\/wp\/v2\/pages\/1164\/revisions"}],"predecessor-version":[{"id":1528,"href":"https:\/\/www.ahoymarbella.com\/en\/wp-json\/wp\/v2\/pages\/1164\/revisions\/1528"}],"wp:attachment":[{"href":"https:\/\/www.ahoymarbella.com\/en\/wp-json\/wp\/v2\/media?parent=1164"}],"curies":[{"name":"wp","href":"https:\/\/api.w.org\/{rel}","templated":true}]}}