{"id":1161,"date":"2022-09-30T13:44:00","date_gmt":"2022-09-30T11:44:00","guid":{"rendered":"https:\/\/www.ahoymarbella.com\/aviso-legal-2\/"},"modified":"2025-06-13T10:28:23","modified_gmt":"2025-06-13T08:28:23","slug":"legal-advice","status":"publish","type":"page","link":"https:\/\/www.ahoymarbella.com\/en\/legal-notice\/","title":{"rendered":"Legal Advice"},"content":{"rendered":"<section class=\"l-section wpb_row height_medium\"><div class=\"l-section-h i-cf\"><div class=\"g-cols vc_row via_flex valign_top type_default stacking_default\"><div class=\"vc_col-sm-12 wpb_column vc_column_container\"><div class=\"vc_column-inner\"><div class=\"wpb_wrapper\">[vc_custom_heading text=&#8221;Legal Advice&#8221; font_container=&#8221;tag:h1|text_align:left&#8221; use_theme_fonts=&#8221;yes&#8221;]<div class=\"wpb_text_column\"><div class=\"wpb_wrapper\"><p>In compliance with the provisions of Law 34\/2002 of July 11, 2002, on Information Society Services and Electronic Commerce (LSSICE), the general information of the website https:\/\/www.ahoymarbella.com\/ is provided below.<\/p>\n<h2>1. Entidad<\/h2>\n<p><strong>Adri\u00e1n Moreno D\u00edaz<\/strong><br \/>\nNIF: <span style=\"font-weight: 400;\">74873437L<\/span><br \/>\nTlf: <span style=\"font-weight: 400;\">658828376<\/span><br \/>\n<span style=\"font-weight: 400;\">Calle Gregorio de Fr\u00edas, 8, 6D<\/span><br \/>\nEmail: info@ahoymarbella.com<\/p>\n<h2>2. Utilizaci\u00f3n del Sitio Web<\/h2>\n<p>The Web site is offered for promotional purposes, informing about the different services offered by <strong>Adri\u00e1n Moreno D\u00edaz<\/strong>, a company dedicated to provide boat rental services.<\/p>\n<p><strong>Adri\u00e1n Moreno D\u00edaz<\/strong>, may stop providing the information services offered on this Web site without any communication with the user, which will not entail any legal obligation to the user or third parties.<\/p>\n<h2>3. Privacidad<\/h2>\n<p>The information that <strong>Adri\u00e1n Moreno D\u00edaz<\/strong> may collect from users of this website will be used exclusively to provide information to interested parties who request it and\/or to answer any queries deemed appropriate by the user.<\/p>\n<p>For more information, please see our <a href=\"https:\/\/www.ahoymarbella.com\/en\/privacy-policy\/\">Privacy Policy<\/a>.<\/p>\n<h2>4. V\u00ednculos a Terceros<\/h2>\n<p>In the case of links to third party sites, the user will be governed by the Terms of Use and Privacy Policy of the new site, accepting that <strong>Adrian Moreno Diaz<\/strong>, will not be responsible or liable for the use of such sites.<\/p>\n<h2>5. Propiedad intelectual<\/h2>\n<p><strong>Adri\u00e1n Moreno D\u00edaz<\/strong>, by himself or as assignee or licensee, is the owner of all intellectual and industrial property rights of the elements that make up this website, being thus all rights reserved. It is expressly prohibited conduct such as reproduction, distribution and public communication, including the total or partial availability of the contents of this website for commercial purposes in accordance with Articles 8 and 21 of the Intellectual Property Law.<\/p>\n<p>The user of the website may, in any case, view the elements and content of this website and may print, save, or even copy them onto any medium, provided that such use is strictly personal and private.<\/p>\n<h2>6. Terms of Use and Liability<\/h2>\n<p>The user of <strong>Adri\u00e1n Moreno D\u00edaz\u2019s<\/strong> website agrees to use this website in compliance with the law, morality, and public order.<\/p>\n<p>What we can specify as behaviors that the user must refrain from performing are:<\/p>\n<p>Unauthorized or fraudulent use of the website.<br \/>\nAttempting unauthorized access by anyone other than the legitimate owner.<br \/>\nAny use of the website for illegal purposes, harmful to third parties, or intended to damage the site or other users.<br \/>\nCausing any damage to the systems that this website may have installed for its operation.<\/p>\n<p>The owner, <strong>Adri\u00e1n Moreno D\u00edaz<\/strong>, will only be responsible for content created and added by himself, and not for third-party links or external links that redirect to websites beyond his control.<br \/>\nThe owner reserves the right to make any changes he deems appropriate, without prior notice, to both the content and the services offered. In addition, it reserves the right to approve or remove content added by third parties that it considers inappropriate.<\/p>\n<h2>7. Changes to the Terms of Use<\/h2>\n<p><strong>Adri\u00e1n Moreno D\u00edaz<\/strong>, reserves the right to modify its terms of use and Privacy Policy when deemed appropriate. The user is obliged to review the content of these terms of use, as they may be modified without prior notice. Likewise, the user understands and accepts each and every one of the clauses contained in this document. It is the sole responsibility of the user to review the aforementioned terms.<\/p>\n<h2>8. Applicable Law and Jurisdiction<\/h2>\n<p>The applicable law in case of dispute or conflict regarding the interpretation of the terms of this Legal Notice, as well as any matter related to the services of this Portal, shall be Spanish law.<br \/>\nAny dispute arising from the visit to the Portal or the use of its published content shall be resolved in the competent Courts and Tribunals.<\/p>\n<\/div><\/div><\/div><\/div><\/div><\/div><\/div><\/section>\n","protected":false},"excerpt":{"rendered":"[vc_custom_heading text=\"Legal Advice\" font_container=\"tag:h1|text_align:left\" use_theme_fonts=\"yes\"]In compliance with the provisions of Law 34\/2002 of July 11, 2002, on Information Society Services and Electronic Commerce (LSSICE), the general information of the website https:\/\/www.ahoymarbella.com\/ is provided below. 1. Entidad Adri\u00e1n Moreno D\u00edaz NIF: 74873437L Tlf: 658828376 Calle Gregorio de Fr\u00edas, 8, 6D Email: info@ahoymarbella.com 2. Utilizaci\u00f3n del Sitio...","protected":false},"author":1,"featured_media":0,"parent":0,"menu_order":6,"comment_status":"closed","ping_status":"closed","template":"","meta":{"_acf_changed":false,"footnotes":""},"class_list":["post-1161","page","type-page","status-publish","hentry"],"acf":[],"yoast_head":"<!-- This site is optimized with the Yoast SEO plugin v27.4 - https:\/\/yoast.com\/product\/yoast-seo-wordpress\/ -->\n<title>Legal Advice - Ahoy Marbella<\/title>\n<meta name=\"robots\" content=\"noindex, nofollow\" \/>\n<meta property=\"og:locale\" content=\"en_US\" \/>\n<meta property=\"og:type\" content=\"article\" \/>\n<meta property=\"og:title\" content=\"Legal Advice - Ahoy Marbella\" \/>\n<meta property=\"og:url\" content=\"https:\/\/www.ahoymarbella.com\/en\/legal-notice\/\" \/>\n<meta property=\"og:site_name\" content=\"Ahoy Marbella\" \/>\n<meta property=\"article:modified_time\" content=\"2025-06-13T08:28:23+00:00\" \/>\n<meta property=\"og:image\" content=\"https:\/\/www.ahoymarbella.com\/wp-content\/uploads\/2025\/03\/alquiler-de-barcos-scaled.webp\" \/>\n\t<meta property=\"og:image:width\" content=\"1920\" \/>\n\t<meta property=\"og:image:height\" content=\"1080\" \/>\n\t<meta property=\"og:image:type\" content=\"image\/webp\" \/>\n<meta name=\"twitter:card\" content=\"summary_large_image\" \/>\n<meta name=\"twitter:label1\" content=\"Est. reading time\" \/>\n\t<meta name=\"twitter:data1\" content=\"3 minutes\" \/>\n<script type=\"application\/ld+json\" class=\"yoast-schema-graph\">{\"@context\":\"https:\\\/\\\/schema.org\",\"@graph\":[{\"@type\":\"WebPage\",\"@id\":\"https:\\\/\\\/www.ahoymarbella.com\\\/en\\\/legal-notice\\\/\",\"url\":\"https:\\\/\\\/www.ahoymarbella.com\\\/en\\\/legal-notice\\\/\",\"name\":\"Legal Advice - Ahoy Marbella\",\"isPartOf\":{\"@id\":\"https:\\\/\\\/www.ahoymarbella.com\\\/en\\\/#website\"},\"datePublished\":\"2022-09-30T11:44:00+00:00\",\"dateModified\":\"2025-06-13T08:28:23+00:00\",\"breadcrumb\":{\"@id\":\"https:\\\/\\\/www.ahoymarbella.com\\\/en\\\/legal-notice\\\/#breadcrumb\"},\"inLanguage\":\"en-US\",\"potentialAction\":[{\"@type\":\"ReadAction\",\"target\":[\"https:\\\/\\\/www.ahoymarbella.com\\\/en\\\/legal-notice\\\/\"]}]},{\"@type\":\"BreadcrumbList\",\"@id\":\"https:\\\/\\\/www.ahoymarbella.com\\\/en\\\/legal-notice\\\/#breadcrumb\",\"itemListElement\":[{\"@type\":\"ListItem\",\"position\":1,\"name\":\"Portada\",\"item\":\"https:\\\/\\\/www.ahoymarbella.com\\\/en\\\/\"},{\"@type\":\"ListItem\",\"position\":2,\"name\":\"Legal Advice\"}]},{\"@type\":\"WebSite\",\"@id\":\"https:\\\/\\\/www.ahoymarbella.com\\\/en\\\/#website\",\"url\":\"https:\\\/\\\/www.ahoymarbella.com\\\/en\\\/\",\"name\":\"Ahoy Marbella\",\"description\":\"Do what you love and do it often\",\"publisher\":{\"@id\":\"https:\\\/\\\/www.ahoymarbella.com\\\/en\\\/#organization\"},\"potentialAction\":[{\"@type\":\"SearchAction\",\"target\":{\"@type\":\"EntryPoint\",\"urlTemplate\":\"https:\\\/\\\/www.ahoymarbella.com\\\/en\\\/?s={search_term_string}\"},\"query-input\":{\"@type\":\"PropertyValueSpecification\",\"valueRequired\":true,\"valueName\":\"search_term_string\"}}],\"inLanguage\":\"en-US\"},{\"@type\":\"Organization\",\"@id\":\"https:\\\/\\\/www.ahoymarbella.com\\\/en\\\/#organization\",\"name\":\"Ahoy Marbella\",\"url\":\"https:\\\/\\\/www.ahoymarbella.com\\\/en\\\/\",\"logo\":{\"@type\":\"ImageObject\",\"inLanguage\":\"en-US\",\"@id\":\"https:\\\/\\\/www.ahoymarbella.com\\\/en\\\/#\\\/schema\\\/logo\\\/image\\\/\",\"url\":\"https:\\\/\\\/www.ahoymarbella.com\\\/wp-content\\\/uploads\\\/2022\\\/09\\\/logo-pie.webp\",\"contentUrl\":\"https:\\\/\\\/www.ahoymarbella.com\\\/wp-content\\\/uploads\\\/2022\\\/09\\\/logo-pie.webp\",\"width\":585,\"height\":274,\"caption\":\"Ahoy Marbella\"},\"image\":{\"@id\":\"https:\\\/\\\/www.ahoymarbella.com\\\/en\\\/#\\\/schema\\\/logo\\\/image\\\/\"},\"sameAs\":[\"https:\\\/\\\/www.instagram.com\\\/ahoymarbella\\\/\"]}]}<\/script>\n<!-- \/ Yoast SEO plugin. -->","yoast_head_json":{"title":"Legal Advice - Ahoy Marbella","robots":{"index":"noindex","follow":"nofollow"},"og_locale":"en_US","og_type":"article","og_title":"Legal Advice - Ahoy Marbella","og_url":"https:\/\/www.ahoymarbella.com\/en\/legal-notice\/","og_site_name":"Ahoy Marbella","article_modified_time":"2025-06-13T08:28:23+00:00","og_image":[{"width":1920,"height":1080,"url":"https:\/\/www.ahoymarbella.com\/wp-content\/uploads\/2025\/03\/alquiler-de-barcos-scaled.webp","type":"image\/webp"}],"twitter_card":"summary_large_image","twitter_misc":{"Est. reading time":"3 minutes"},"schema":{"@context":"https:\/\/schema.org","@graph":[{"@type":"WebPage","@id":"https:\/\/www.ahoymarbella.com\/en\/legal-notice\/","url":"https:\/\/www.ahoymarbella.com\/en\/legal-notice\/","name":"Legal Advice - Ahoy Marbella","isPartOf":{"@id":"https:\/\/www.ahoymarbella.com\/en\/#website"},"datePublished":"2022-09-30T11:44:00+00:00","dateModified":"2025-06-13T08:28:23+00:00","breadcrumb":{"@id":"https:\/\/www.ahoymarbella.com\/en\/legal-notice\/#breadcrumb"},"inLanguage":"en-US","potentialAction":[{"@type":"ReadAction","target":["https:\/\/www.ahoymarbella.com\/en\/legal-notice\/"]}]},{"@type":"BreadcrumbList","@id":"https:\/\/www.ahoymarbella.com\/en\/legal-notice\/#breadcrumb","itemListElement":[{"@type":"ListItem","position":1,"name":"Portada","item":"https:\/\/www.ahoymarbella.com\/en\/"},{"@type":"ListItem","position":2,"name":"Legal Advice"}]},{"@type":"WebSite","@id":"https:\/\/www.ahoymarbella.com\/en\/#website","url":"https:\/\/www.ahoymarbella.com\/en\/","name":"Ahoy Marbella","description":"Do what you love and do it often","publisher":{"@id":"https:\/\/www.ahoymarbella.com\/en\/#organization"},"potentialAction":[{"@type":"SearchAction","target":{"@type":"EntryPoint","urlTemplate":"https:\/\/www.ahoymarbella.com\/en\/?s={search_term_string}"},"query-input":{"@type":"PropertyValueSpecification","valueRequired":true,"valueName":"search_term_string"}}],"inLanguage":"en-US"},{"@type":"Organization","@id":"https:\/\/www.ahoymarbella.com\/en\/#organization","name":"Ahoy Marbella","url":"https:\/\/www.ahoymarbella.com\/en\/","logo":{"@type":"ImageObject","inLanguage":"en-US","@id":"https:\/\/www.ahoymarbella.com\/en\/#\/schema\/logo\/image\/","url":"https:\/\/www.ahoymarbella.com\/wp-content\/uploads\/2022\/09\/logo-pie.webp","contentUrl":"https:\/\/www.ahoymarbella.com\/wp-content\/uploads\/2022\/09\/logo-pie.webp","width":585,"height":274,"caption":"Ahoy Marbella"},"image":{"@id":"https:\/\/www.ahoymarbella.com\/en\/#\/schema\/logo\/image\/"},"sameAs":["https:\/\/www.instagram.com\/ahoymarbella\/"]}]}},"_links":{"self":[{"href":"https:\/\/www.ahoymarbella.com\/en\/wp-json\/wp\/v2\/pages\/1161","targetHints":{"allow":["GET"]}}],"collection":[{"href":"https:\/\/www.ahoymarbella.com\/en\/wp-json\/wp\/v2\/pages"}],"about":[{"href":"https:\/\/www.ahoymarbella.com\/en\/wp-json\/wp\/v2\/types\/page"}],"author":[{"embeddable":true,"href":"https:\/\/www.ahoymarbella.com\/en\/wp-json\/wp\/v2\/users\/1"}],"replies":[{"embeddable":true,"href":"https:\/\/www.ahoymarbella.com\/en\/wp-json\/wp\/v2\/comments?post=1161"}],"version-history":[{"count":14,"href":"https:\/\/www.ahoymarbella.com\/en\/wp-json\/wp\/v2\/pages\/1161\/revisions"}],"predecessor-version":[{"id":1529,"href":"https:\/\/www.ahoymarbella.com\/en\/wp-json\/wp\/v2\/pages\/1161\/revisions\/1529"}],"wp:attachment":[{"href":"https:\/\/www.ahoymarbella.com\/en\/wp-json\/wp\/v2\/media?parent=1161"}],"curies":[{"name":"wp","href":"https:\/\/api.w.org\/{rel}","templated":true}]}}